{"id":58,"date":"2025-09-23T19:07:21","date_gmt":"2025-09-23T17:07:21","guid":{"rendered":"https:\/\/uaqradio.live\/semidesierto\/?page_id=58"},"modified":"2025-10-01T17:50:18","modified_gmt":"2025-10-01T15:50:18","slug":"projects","status":"publish","type":"page","link":"https:\/\/uaqradio.live\/semidesierto\/projects\/","title":{"rendered":"Esc\u00fachalo otra vez"},"content":{"rendered":"\t\t<div data-elementor-type=\"wp-page\" data-elementor-id=\"58\" class=\"elementor elementor-58\" data-elementor-post-type=\"page\">\n\t\t\t\t<div class=\"elementor-element elementor-element-0a67b73 e-flex e-con-boxed e-con e-parent\" data-id=\"0a67b73\" data-element_type=\"container\">\n\t\t\t\t\t<div class=\"e-con-inner\">\n\t\t<div class=\"elementor-element elementor-element-906bc6a e-con-full e-flex e-con e-child\" data-id=\"906bc6a\" data-element_type=\"container\">\n\t\t\t\t<div class=\"elementor-element elementor-element-133e032 elementor-widget elementor-widget-spacer\" data-id=\"133e032\" data-element_type=\"widget\" data-widget_type=\"spacer.default\">\n\t\t\t\t\t\t\t<div class=\"elementor-spacer\">\n\t\t\t<div class=\"elementor-spacer-inner\"><\/div>\n\t\t<\/div>\n\t\t\t\t\t\t<\/div>\n\t\t\t\t<div class=\"elementor-element elementor-element-ce2ec4f elementor-view-default elementor-widget elementor-widget-icon\" data-id=\"ce2ec4f\" data-element_type=\"widget\" data-widget_type=\"icon.default\">\n\t\t\t\t\t\t\t<div class=\"elementor-icon-wrapper\">\n\t\t\t<div class=\"elementor-icon\">\n\t\t\t<svg aria-hidden=\"true\" class=\"e-font-icon-svg e-fas-podcast\" viewBox=\"0 0 448 512\" xmlns=\"http:\/\/www.w3.org\/2000\/svg\"><path d=\"M267.429 488.563C262.286 507.573 242.858 512 224 512c-18.857 0-38.286-4.427-43.428-23.437C172.927 460.134 160 388.898 160 355.75c0-35.156 31.142-43.75 64-43.75s64 8.594 64 43.75c0 32.949-12.871 104.179-20.571 132.813zM156.867 288.554c-18.693-18.308-29.958-44.173-28.784-72.599 2.054-49.724 42.395-89.956 92.124-91.881C274.862 121.958 320 165.807 320 220c0 26.827-11.064 51.116-28.866 68.552-2.675 2.62-2.401 6.986.628 9.187 9.312 6.765 16.46 15.343 21.234 25.363 1.741 3.654 6.497 4.66 9.449 1.891 28.826-27.043 46.553-65.783 45.511-108.565-1.855-76.206-63.595-138.208-139.793-140.369C146.869 73.753 80 139.215 80 220c0 41.361 17.532 78.7 45.55 104.989 2.953 2.771 7.711 1.77 9.453-1.887 4.774-10.021 11.923-18.598 21.235-25.363 3.029-2.2 3.304-6.566.629-9.185zM224 0C100.204 0 0 100.185 0 224c0 89.992 52.602 165.647 125.739 201.408 4.333 2.118 9.267-1.544 8.535-6.31-2.382-15.512-4.342-30.946-5.406-44.339-.146-1.836-1.149-3.486-2.678-4.512-47.4-31.806-78.564-86.016-78.187-147.347.592-96.237 79.29-174.648 175.529-174.899C320.793 47.747 400 126.797 400 224c0 61.932-32.158 116.49-80.65 147.867-.999 14.037-3.069 30.588-5.624 47.23-.732 4.767 4.203 8.429 8.535 6.31C395.227 389.727 448 314.187 448 224 448 100.205 347.815 0 224 0zm0 160c-35.346 0-64 28.654-64 64s28.654 64 64 64 64-28.654 64-64-28.654-64-64-64z\"><\/path><\/svg>\t\t\t<\/div>\n\t\t<\/div>\n\t\t\t\t\t\t<\/div>\n\t\t\t\t<div class=\"elementor-element elementor-element-69f2271 elementor-widget elementor-widget-spacer\" data-id=\"69f2271\" data-element_type=\"widget\" data-widget_type=\"spacer.default\">\n\t\t\t\t\t\t\t<div class=\"elementor-spacer\">\n\t\t\t<div class=\"elementor-spacer-inner\"><\/div>\n\t\t<\/div>\n\t\t\t\t\t\t<\/div>\n\t\t\t\t<\/div>\n\t\t<div class=\"elementor-element elementor-element-e320864 e-con-full e-flex e-con e-child\" data-id=\"e320864\" data-element_type=\"container\">\n\t\t\t\t<div class=\"elementor-element elementor-element-06953a0 elementor-widget elementor-widget-spacer\" data-id=\"06953a0\" data-element_type=\"widget\" data-widget_type=\"spacer.default\">\n\t\t\t\t\t\t\t<div class=\"elementor-spacer\">\n\t\t\t<div class=\"elementor-spacer-inner\"><\/div>\n\t\t<\/div>\n\t\t\t\t\t\t<\/div>\n\t\t\t\t<div class=\"elementor-element elementor-element-9c45527 elementor-widget elementor-widget-heading\" data-id=\"9c45527\" data-element_type=\"widget\" data-widget_type=\"heading.default\">\n\t\t\t\t\t<h2 class=\"elementor-heading-title elementor-size-default\">Esc\u00fachalo Otra Vez<\/h2>\t\t\t\t<\/div>\n\t\t\t\t<div class=\"elementor-element elementor-element-ab3285d elementor-widget elementor-widget-text-editor\" data-id=\"ab3285d\" data-element_type=\"widget\" data-widget_type=\"text-editor.default\">\n\t\t\t\t\t\t\t\t\t<p>Vuelve a escuchar tus programas favoritos, cuando t\u00fa quieras. B\u00fascalos en tu aplicacion de podcasts favoritos..<\/p>\t\t\t\t\t\t\t\t<\/div>\n\t\t\t\t<\/div>\n\t\t\t\t\t<\/div>\n\t\t\t\t<\/div>\n\t\t<div class=\"elementor-element elementor-element-f17ac89 e-flex e-con-boxed e-con e-parent\" data-id=\"f17ac89\" data-element_type=\"container\" id=\"mercle\" data-settings=\"{&quot;background_background&quot;:&quot;classic&quot;}\">\n\t\t\t\t\t<div class=\"e-con-inner\">\n\t\t<div class=\"elementor-element elementor-element-bb539d6 e-con-full e-flex e-con e-child\" data-id=\"bb539d6\" data-element_type=\"container\" data-settings=\"{&quot;background_background&quot;:&quot;classic&quot;}\">\n\t\t\t\t<div class=\"elementor-element elementor-element-5958135 elementor-widget elementor-widget-image\" data-id=\"5958135\" data-element_type=\"widget\" data-widget_type=\"image.default\">\n\t\t\t\t\t\t\t\t\t\t\t\t\t\t\t<img fetchpriority=\"high\" decoding=\"async\" width=\"800\" height=\"800\" src=\"https:\/\/uaqradio.live\/semidesierto\/wp-content\/uploads\/2025\/09\/expresso_doble_grande-1024x1024.png\" class=\"attachment-large size-large wp-image-357\" alt=\"\" srcset=\"https:\/\/uaqradio.live\/semidesierto\/wp-content\/uploads\/2025\/09\/expresso_doble_grande-1024x1024.png 1024w, https:\/\/uaqradio.live\/semidesierto\/wp-content\/uploads\/2025\/09\/expresso_doble_grande-300x300.png 300w, https:\/\/uaqradio.live\/semidesierto\/wp-content\/uploads\/2025\/09\/expresso_doble_grande-150x150.png 150w, https:\/\/uaqradio.live\/semidesierto\/wp-content\/uploads\/2025\/09\/expresso_doble_grande-768x768.png 768w, https:\/\/uaqradio.live\/semidesierto\/wp-content\/uploads\/2025\/09\/elementor\/thumbs\/expresso_doble_grande-rchnpfb771sahep6xxy7cy8frnybb4wl38krjhl3wg.png 512w, https:\/\/uaqradio.live\/semidesierto\/wp-content\/uploads\/2025\/09\/expresso_doble_grande.png 1400w\" sizes=\"(max-width: 800px) 100vw, 800px\" \/>\t\t\t\t\t\t\t\t\t\t\t\t\t\t\t<\/div>\n\t\t\t\t<\/div>\n\t\t<div class=\"elementor-element elementor-element-0839de9 e-con-full e-flex e-con e-child\" data-id=\"0839de9\" data-element_type=\"container\">\n\t\t<div class=\"elementor-element elementor-element-53b1a57 e-con-full e-flex e-con e-child\" data-id=\"53b1a57\" data-element_type=\"container\">\n\t\t\t\t<div class=\"elementor-element elementor-element-1f28808 elementor-widget elementor-widget-html\" data-id=\"1f28808\" data-element_type=\"widget\" data-widget_type=\"html.default\">\n\t\t\t\t\t<iframe src=\"https:\/\/player.rss.com\/expresso-doble\/?theme=dark&v=2\" title=\"Expresso Doble\" width=\"100%\" height=\"435\" frameborder=\"0\" allow=\"accelerometer; autoplay; clipboard-write; encrypted-media; gyroscope; picture-in-picture\" allowfullscreen scrolling=\"no\"><a href=\"https:\/\/rss.com\/podcasts\/expresso-doble\/\">Expresso Doble<\/a><\/iframe>\t\t\t\t<\/div>\n\t\t\t\t<\/div>\n\t\t<div class=\"elementor-element elementor-element-23a5128 e-con-full e-flex e-con e-child\" data-id=\"23a5128\" data-element_type=\"container\">\n\t\t\t\t<div class=\"elementor-element elementor-element-3967834 elementor-shape-rounded elementor-grid-0 e-grid-align-center elementor-widget elementor-widget-social-icons\" data-id=\"3967834\" data-element_type=\"widget\" data-widget_type=\"social-icons.default\">\n\t\t\t\t\t\t\t<div class=\"elementor-social-icons-wrapper elementor-grid\" role=\"list\">\n\t\t\t\t\t\t\t<span class=\"elementor-grid-item\" role=\"listitem\">\n\t\t\t\t\t<a class=\"elementor-icon elementor-social-icon elementor-social-icon- elementor-repeater-item-d85ec5d\" href=\"https:\/\/open.spotify.com\/show\/0w5KbmRS5Qz2uCok5KNUN0\" target=\"_blank\">\n\t\t\t\t\t\t<span class=\"elementor-screen-only\"><\/span>\n\t\t\t\t\t\t<svg xmlns=\"http:\/\/www.w3.org\/2000\/svg\" shape-rendering=\"geometricPrecision\" text-rendering=\"geometricPrecision\" image-rendering=\"optimizeQuality\" fill-rule=\"evenodd\" clip-rule=\"evenodd\" viewBox=\"0 0 512 512\"><path d=\"M105 0h302c57.928.154 104.845 47.072 105 104.995V407c-.155 57.925-47.072 104.844-104.996 104.998L105 512C47.074 511.844.156 464.925.002 407.003L0 105C.156 47.072 47.074.154 104.997 0H105zm150.998 71.497C154.101 71.497 71.492 154.102 71.492 256c0 101.902 82.609 184.504 184.506 184.504 101.909 0 184.509-82.6 184.509-184.504 0-101.892-82.6-184.495-184.512-184.495l.003-.011v.003zm84.615 266.109c-3.304 5.419-10.399 7.14-15.821 3.811-43.318-26.461-97.854-32.452-162.079-17.78-6.189 1.41-12.357-2.467-13.77-8.659-1.415-6.191 2.448-12.359 8.652-13.769 70.284-16.057 130.572-9.143 179.207 20.578 5.421 3.326 7.14 10.397 3.811 15.819zm22.584-50.238c-4.166 6.767-13.022 8.904-19.786 4.742-49.597-30.485-125.194-39.315-183.857-21.504-7.607 2.296-15.642-1.991-17.949-9.584-2.293-7.61 1.996-15.627 9.592-17.94 67.006-20.331 150.308-10.484 207.264 24.514 6.764 4.166 8.901 13.023 4.737 19.779l.002-.004-.003-.003zm1.94-52.313c-59.468-35.32-157.578-38.567-214.353-21.336-9.116 2.766-18.759-2.379-21.521-11.499-2.762-9.123 2.381-18.756 11.502-21.526 65.175-19.786 173.52-15.963 241.984 24.68 8.218 4.87 10.908 15.459 6.037 23.648-4.849 8.2-15.468 10.904-23.641 6.033h-.008z\"><\/path><\/svg>\t\t\t\t\t<\/a>\n\t\t\t\t<\/span>\n\t\t\t\t\t\t\t<span class=\"elementor-grid-item\" role=\"listitem\">\n\t\t\t\t\t<a class=\"elementor-icon elementor-social-icon elementor-social-icon-podcast elementor-repeater-item-f607886\" href=\"https:\/\/podcasts.apple.com\/podcast\/id1842929600\" target=\"_blank\">\n\t\t\t\t\t\t<span class=\"elementor-screen-only\">Podcast<\/span>\n\t\t\t\t\t\t<svg class=\"e-font-icon-svg e-fas-podcast\" viewBox=\"0 0 448 512\" xmlns=\"http:\/\/www.w3.org\/2000\/svg\"><path d=\"M267.429 488.563C262.286 507.573 242.858 512 224 512c-18.857 0-38.286-4.427-43.428-23.437C172.927 460.134 160 388.898 160 355.75c0-35.156 31.142-43.75 64-43.75s64 8.594 64 43.75c0 32.949-12.871 104.179-20.571 132.813zM156.867 288.554c-18.693-18.308-29.958-44.173-28.784-72.599 2.054-49.724 42.395-89.956 92.124-91.881C274.862 121.958 320 165.807 320 220c0 26.827-11.064 51.116-28.866 68.552-2.675 2.62-2.401 6.986.628 9.187 9.312 6.765 16.46 15.343 21.234 25.363 1.741 3.654 6.497 4.66 9.449 1.891 28.826-27.043 46.553-65.783 45.511-108.565-1.855-76.206-63.595-138.208-139.793-140.369C146.869 73.753 80 139.215 80 220c0 41.361 17.532 78.7 45.55 104.989 2.953 2.771 7.711 1.77 9.453-1.887 4.774-10.021 11.923-18.598 21.235-25.363 3.029-2.2 3.304-6.566.629-9.185zM224 0C100.204 0 0 100.185 0 224c0 89.992 52.602 165.647 125.739 201.408 4.333 2.118 9.267-1.544 8.535-6.31-2.382-15.512-4.342-30.946-5.406-44.339-.146-1.836-1.149-3.486-2.678-4.512-47.4-31.806-78.564-86.016-78.187-147.347.592-96.237 79.29-174.648 175.529-174.899C320.793 47.747 400 126.797 400 224c0 61.932-32.158 116.49-80.65 147.867-.999 14.037-3.069 30.588-5.624 47.23-.732 4.767 4.203 8.429 8.535 6.31C395.227 389.727 448 314.187 448 224 448 100.205 347.815 0 224 0zm0 160c-35.346 0-64 28.654-64 64s28.654 64 64 64 64-28.654 64-64-28.654-64-64-64z\"><\/path><\/svg>\t\t\t\t\t<\/a>\n\t\t\t\t<\/span>\n\t\t\t\t\t\t\t<span class=\"elementor-grid-item\" role=\"listitem\">\n\t\t\t\t\t<a class=\"elementor-icon elementor-social-icon elementor-social-icon-amazon elementor-repeater-item-7e19ed9\" href=\"https:\/\/music.amazon.com\/podcasts\/399861e6-2bc6-4158-b84c-4ef6d572962a\" target=\"_blank\">\n\t\t\t\t\t\t<span class=\"elementor-screen-only\">Amazon<\/span>\n\t\t\t\t\t\t<svg class=\"e-font-icon-svg e-fab-amazon\" viewBox=\"0 0 448 512\" xmlns=\"http:\/\/www.w3.org\/2000\/svg\"><path d=\"M257.2 162.7c-48.7 1.8-169.5 15.5-169.5 117.5 0 109.5 138.3 114 183.5 43.2 6.5 10.2 35.4 37.5 45.3 46.8l56.8-56S341 288.9 341 261.4V114.3C341 89 316.5 32 228.7 32 140.7 32 94 87 94 136.3l73.5 6.8c16.3-49.5 54.2-49.5 54.2-49.5 40.7-.1 35.5 29.8 35.5 69.1zm0 86.8c0 80-84.2 68-84.2 17.2 0-47.2 50.5-56.7 84.2-57.8v40.6zm136 163.5c-7.7 10-70 67-174.5 67S34.2 408.5 9.7 379c-6.8-7.7 1-11.3 5.5-8.3C88.5 415.2 203 488.5 387.7 401c7.5-3.7 13.3 2 5.5 12zm39.8 2.2c-6.5 15.8-16 26.8-21.2 31-5.5 4.5-9.5 2.7-6.5-3.8s19.3-46.5 12.7-55c-6.5-8.3-37-4.3-48-3.2-10.8 1-13 2-14-.3-2.3-5.7 21.7-15.5 37.5-17.5 15.7-1.8 41-.8 46 5.7 3.7 5.1 0 27.1-6.5 43.1z\"><\/path><\/svg>\t\t\t\t\t<\/a>\n\t\t\t\t<\/span>\n\t\t\t\t\t<\/div>\n\t\t\t\t\t\t<\/div>\n\t\t\t\t<div class=\"elementor-element elementor-element-d2f806b elementor-widget elementor-widget-spacer\" data-id=\"d2f806b\" data-element_type=\"widget\" data-widget_type=\"spacer.default\">\n\t\t\t\t\t\t\t<div class=\"elementor-spacer\">\n\t\t\t<div class=\"elementor-spacer-inner\"><\/div>\n\t\t<\/div>\n\t\t\t\t\t\t<\/div>\n\t\t\t\t<\/div>\n\t\t\t\t<\/div>\n\t\t\t\t\t<\/div>\n\t\t\t\t<\/div>\n\t\t<div class=\"elementor-element elementor-element-fa815e7 e-flex e-con-boxed e-con e-parent\" data-id=\"fa815e7\" data-element_type=\"container\">\n\t\t\t\t\t<div class=\"e-con-inner\">\n\t\t\t\t<div class=\"elementor-element elementor-element-34d2630 elementor-widget elementor-widget-spacer\" data-id=\"34d2630\" data-element_type=\"widget\" data-widget_type=\"spacer.default\">\n\t\t\t\t\t\t\t<div class=\"elementor-spacer\">\n\t\t\t<div class=\"elementor-spacer-inner\"><\/div>\n\t\t<\/div>\n\t\t\t\t\t\t<\/div>\n\t\t\t\t\t<\/div>\n\t\t\t\t<\/div>\n\t\t<div class=\"elementor-element elementor-element-670ce4c e-flex e-con-boxed e-con e-parent\" data-id=\"670ce4c\" data-element_type=\"container\">\n\t\t\t\t\t<div class=\"e-con-inner\">\n\t\t<div class=\"elementor-element elementor-element-0c0cec1 e-con-full e-flex e-con e-child\" data-id=\"0c0cec1\" data-element_type=\"container\">\n\t\t\t\t<div class=\"elementor-element elementor-element-43b5acb elementor-widget elementor-widget-image\" data-id=\"43b5acb\" data-element_type=\"widget\" data-widget_type=\"image.default\">\n\t\t\t\t\t\t\t\t\t\t\t\t\t\t\t\t<a href=\"https:\/\/uaqradio.live\/semidesierto\/?page_id=444\">\n\t\t\t\t\t\t\t<img fetchpriority=\"high\" decoding=\"async\" width=\"800\" height=\"800\" src=\"https:\/\/uaqradio.live\/semidesierto\/wp-content\/uploads\/2025\/09\/expresso_doble_grande-1024x1024.png\" class=\"attachment-large size-large wp-image-357\" alt=\"\" srcset=\"https:\/\/uaqradio.live\/semidesierto\/wp-content\/uploads\/2025\/09\/expresso_doble_grande-1024x1024.png 1024w, https:\/\/uaqradio.live\/semidesierto\/wp-content\/uploads\/2025\/09\/expresso_doble_grande-300x300.png 300w, https:\/\/uaqradio.live\/semidesierto\/wp-content\/uploads\/2025\/09\/expresso_doble_grande-150x150.png 150w, https:\/\/uaqradio.live\/semidesierto\/wp-content\/uploads\/2025\/09\/expresso_doble_grande-768x768.png 768w, https:\/\/uaqradio.live\/semidesierto\/wp-content\/uploads\/2025\/09\/elementor\/thumbs\/expresso_doble_grande-rchnpfb771sahep6xxy7cy8frnybb4wl38krjhl3wg.png 512w, https:\/\/uaqradio.live\/semidesierto\/wp-content\/uploads\/2025\/09\/expresso_doble_grande.png 1400w\" sizes=\"(max-width: 800px) 100vw, 800px\" \/>\t\t\t\t\t\t\t\t<\/a>\n\t\t\t\t\t\t\t\t\t\t\t\t\t\t\t<\/div>\n\t\t\t\t<\/div>\n\t\t<div class=\"elementor-element elementor-element-2f3fcc9 e-con-full e-flex e-con e-child\" data-id=\"2f3fcc9\" data-element_type=\"container\">\n\t\t<div class=\"elementor-element elementor-element-f9b18c4 e-con-full e-flex e-con e-child\" data-id=\"f9b18c4\" data-element_type=\"container\">\n\t\t\t\t<div class=\"elementor-element elementor-element-174d3a6 elementor-widget elementor-widget-heading\" data-id=\"174d3a6\" data-element_type=\"widget\" data-widget_type=\"heading.default\">\n\t\t\t\t\t<h2 class=\"elementor-heading-title elementor-size-default\"><a href=\"https:\/\/uaqradio.live\/semidesierto\/?page_id=444\">Expresso Doble<\/a><\/h2>\t\t\t\t<\/div>\n\t\t\t\t<\/div>\n\t\t<div class=\"elementor-element elementor-element-b1e6fde e-con-full e-flex e-con e-child\" data-id=\"b1e6fde\" data-element_type=\"container\">\n\t\t\t\t<div class=\"elementor-element elementor-element-863fc03 elementor-widget elementor-widget-text-editor\" data-id=\"863fc03\" data-element_type=\"widget\" data-widget_type=\"text-editor.default\">\n\t\t\t\t\t\t\t\t\t<h5><span style=\"font-weight: 400;\">Expresso Doble es un podcast donde expresamos lo que vivimos los j\u00f3venes. A veces con invitados que nos comparten su mundo, sus historias y aprendizajes, y otras solo nosotras \u2014Gi y Hiro\u2014 hablando sin filtro sobre lo que sentimos, pensamos y nos atraviesa en esta etapa de la vida.<\/span><\/h5>\t\t\t\t\t\t\t\t<\/div>\n\t\t\t\t<\/div>\n\t\t\t\t<\/div>\n\t\t\t\t\t<\/div>\n\t\t\t\t<\/div>\n\t\t<div class=\"elementor-element elementor-element-79bb1fc8 e-flex e-con-boxed elementor-invisible e-con e-parent\" data-id=\"79bb1fc8\" data-element_type=\"container\" data-settings=\"{&quot;background_background&quot;:&quot;classic&quot;,&quot;animation&quot;:&quot;fadeIn&quot;}\">\n\t\t\t\t\t<div class=\"e-con-inner\">\n\t\t<div class=\"elementor-element elementor-element-5f397a61 e-con-full e-flex e-con e-child\" data-id=\"5f397a61\" data-element_type=\"container\">\n\t\t\t\t<div class=\"elementor-element elementor-element-11433d3f elementor-widget elementor-widget-cta\" data-id=\"11433d3f\" data-element_type=\"widget\" data-settings=\"{&quot;secondary_button_shape&quot;:&quot;round&quot;,&quot;layout_preset&quot;:&quot;focus&quot;,&quot;cta_vertical_position&quot;:&quot;start&quot;,&quot;primary_button_shape&quot;:&quot;default&quot;,&quot;box_shape&quot;:&quot;sharp&quot;}\" data-widget_type=\"cta.default\">\n\t\t\t\t<div class=\"elementor-widget-container\">\n\t\t\t\t\t\t\t<div class=\"has-shape-sharp shape-type-box ehp-cta has-preset-focus\">\n\t\t\t<div class=\"ehp-cta__overlay\"><\/div>\n\t\t\t<div class=\"ehp-cta__elements-container\">\n\t\t\t\t\t\t<div class=\"ehp-cta__text-container\">\n\t\t\t<h2 class=\"ehp-cta__heading\">Unamos ideas y frecuencias para el futuro<\/h2>\t\t<\/div>\n\t\t\t\t\t<div class=\"ehp-cta__ctas-container\">\n\t\t\t\t<div class=\"ehp-cta__buttons-wrapper\">\n\t\t\t\t\t\t\t\t\t\t\t\t<a class=\"has-shape-round shape-type-button ehp-button ehp-button--secondary ehp-cta__button ehp-cta__button--secondary is-type-button elementor-animation-shrink has-border\" href=\"https:\/\/library.elementor.com\/it-and-ai-services-hp\/contact\/\">\n\t\t\t\t\t<span class=\"ehp-button__text ehp-cta__button-text ehp-cta__button-text--secondary\">\n\t\t\tContacto\t\t\t\t<\/a>\n\t\t\t\t\t\t<\/div>\n\t\t\t<\/div>\n\t\t\t\t\t<\/div>\n\t\t<\/div>\n\t\t\t\t\t\t<\/div>\n\t\t\t\t<\/div>\n\t\t\t\t<\/div>\n\t\t<div class=\"elementor-element elementor-element-60462f2f e-con-full e-flex e-con e-child\" data-id=\"60462f2f\" data-element_type=\"container\">\n\t\t\t\t<div class=\"elementor-element elementor-element-3d4aa27b elementor-widget elementor-widget-image\" data-id=\"3d4aa27b\" data-element_type=\"widget\" data-widget_type=\"image.default\">\n\t\t\t\t\t\t\t\t\t\t\t\t\t\t\t<img decoding=\"async\" width=\"800\" height=\"534\" src=\"https:\/\/uaqradio.live\/semidesierto\/wp-content\/uploads\/2025\/09\/4422befe-35b6-4cf4-8e36-1720a2bef86b-1024x683.png\" class=\"attachment-large size-large wp-image-389\" alt=\"\" srcset=\"https:\/\/uaqradio.live\/semidesierto\/wp-content\/uploads\/2025\/09\/4422befe-35b6-4cf4-8e36-1720a2bef86b-1024x683.png 1024w, https:\/\/uaqradio.live\/semidesierto\/wp-content\/uploads\/2025\/09\/4422befe-35b6-4cf4-8e36-1720a2bef86b-300x200.png 300w, https:\/\/uaqradio.live\/semidesierto\/wp-content\/uploads\/2025\/09\/4422befe-35b6-4cf4-8e36-1720a2bef86b-768x512.png 768w, https:\/\/uaqradio.live\/semidesierto\/wp-content\/uploads\/2025\/09\/4422befe-35b6-4cf4-8e36-1720a2bef86b.png 1536w\" sizes=\"(max-width: 800px) 100vw, 800px\" \/>\t\t\t\t\t\t\t\t\t\t\t\t\t\t\t<\/div>\n\t\t\t\t<\/div>\n\t\t\t\t\t<\/div>\n\t\t\t\t<\/div>\n\t\t\t\t<\/div>\n\t\t","protected":false},"excerpt":{"rendered":"<p>Esc\u00fachalo Otra Vez Vuelve a escuchar tus programas favoritos, cuando t\u00fa quieras. B\u00fascalos en tu aplicacion de podcasts favoritos.. Expresso Doble Podcast Amazon Expresso Doble Expresso Doble es un podcast donde expresamos lo que vivimos los j\u00f3venes. A veces con invitados que nos comparten su mundo, sus historias y aprendizajes, y otras solo nosotras \u2014Gi [&hellip;]<\/p>\n","protected":false},"author":1,"featured_media":0,"parent":0,"menu_order":0,"comment_status":"closed","ping_status":"closed","template":"elementor_header_footer","meta":{"inline_featured_image":false,"episode_type":"","audio_file":"","cover_image":"","cover_image_id":"","duration":"","filesize":"","date_recorded":"","explicit":"","block":"","itunes_episode_number":"","itunes_title":"","itunes_season_number":"","itunes_episode_type":"","filesize_raw":"","footnotes":""},"class_list":["post-58","page","type-page","status-publish","hentry"],"_links":{"self":[{"href":"https:\/\/uaqradio.live\/semidesierto\/wp-json\/wp\/v2\/pages\/58","targetHints":{"allow":["GET"]}}],"collection":[{"href":"https:\/\/uaqradio.live\/semidesierto\/wp-json\/wp\/v2\/pages"}],"about":[{"href":"https:\/\/uaqradio.live\/semidesierto\/wp-json\/wp\/v2\/types\/page"}],"author":[{"embeddable":true,"href":"https:\/\/uaqradio.live\/semidesierto\/wp-json\/wp\/v2\/users\/1"}],"replies":[{"embeddable":true,"href":"https:\/\/uaqradio.live\/semidesierto\/wp-json\/wp\/v2\/comments?post=58"}],"version-history":[{"count":81,"href":"https:\/\/uaqradio.live\/semidesierto\/wp-json\/wp\/v2\/pages\/58\/revisions"}],"predecessor-version":[{"id":476,"href":"https:\/\/uaqradio.live\/semidesierto\/wp-json\/wp\/v2\/pages\/58\/revisions\/476"}],"wp:attachment":[{"href":"https:\/\/uaqradio.live\/semidesierto\/wp-json\/wp\/v2\/media?parent=58"}],"curies":[{"name":"wp","href":"https:\/\/api.w.org\/{rel}","templated":true}]}}